{"id":139,"date":"2022-03-10T12:15:50","date_gmt":"2022-03-10T11:15:50","guid":{"rendered":"https:\/\/knsaudio.pl\/?page_id=139"},"modified":"2022-03-10T12:21:37","modified_gmt":"2022-03-10T11:21:37","slug":"obsluga-techniczna","status":"publish","type":"page","link":"https:\/\/knsaudio.pl\/?page_id=139","title":{"rendered":"Obs\u0142uga techniczna"},"content":{"rendered":"\n<figure class=\"wp-block-gallery has-nested-images columns-default is-cropped wp-block-gallery-1 is-layout-flex wp-block-gallery-is-layout-flex\">\n<figure class=\"wp-block-image size-large\"><img loading=\"lazy\" decoding=\"async\" width=\"960\" height=\"638\" data-id=\"60\" src=\"https:\/\/knsaudio.pl\/wp-content\/uploads\/2018\/11\/1497709_596647233703823_610692186_n.jpg\" alt=\"\" class=\"wp-image-60\" srcset=\"https:\/\/knsaudio.pl\/wp-content\/uploads\/2018\/11\/1497709_596647233703823_610692186_n.jpg 960w, https:\/\/knsaudio.pl\/wp-content\/uploads\/2018\/11\/1497709_596647233703823_610692186_n-300x199.jpg 300w, https:\/\/knsaudio.pl\/wp-content\/uploads\/2018\/11\/1497709_596647233703823_610692186_n-768x510.jpg 768w\" sizes=\"auto, (max-width: 767px) 89vw, (max-width: 1000px) 54vw, (max-width: 1071px) 543px, 580px\" \/><\/figure>\n\n\n\n<figure class=\"wp-block-image size-large\"><img loading=\"lazy\" decoding=\"async\" width=\"960\" height=\"720\" data-id=\"44\" src=\"https:\/\/knsaudio.pl\/wp-content\/uploads\/2018\/11\/10371757_662407917127754_3877823682472668404_n.jpg\" alt=\"\" class=\"wp-image-44\" srcset=\"https:\/\/knsaudio.pl\/wp-content\/uploads\/2018\/11\/10371757_662407917127754_3877823682472668404_n.jpg 960w, https:\/\/knsaudio.pl\/wp-content\/uploads\/2018\/11\/10371757_662407917127754_3877823682472668404_n-300x225.jpg 300w, https:\/\/knsaudio.pl\/wp-content\/uploads\/2018\/11\/10371757_662407917127754_3877823682472668404_n-768x576.jpg 768w\" sizes=\"auto, (max-width: 767px) 89vw, (max-width: 1000px) 54vw, (max-width: 1071px) 543px, 580px\" \/><\/figure>\n\n\n\n<figure class=\"wp-block-image size-large\"><img loading=\"lazy\" decoding=\"async\" width=\"2000\" height=\"1197\" data-id=\"41\" src=\"https:\/\/knsaudio.pl\/wp-content\/uploads\/2018\/11\/cropped-25446186_1548957505139453_8108652237009720953_n.jpg\" alt=\"\" class=\"wp-image-41\" srcset=\"https:\/\/knsaudio.pl\/wp-content\/uploads\/2018\/11\/cropped-25446186_1548957505139453_8108652237009720953_n.jpg 2000w, https:\/\/knsaudio.pl\/wp-content\/uploads\/2018\/11\/cropped-25446186_1548957505139453_8108652237009720953_n-300x180.jpg 300w, https:\/\/knsaudio.pl\/wp-content\/uploads\/2018\/11\/cropped-25446186_1548957505139453_8108652237009720953_n-768x460.jpg 768w, https:\/\/knsaudio.pl\/wp-content\/uploads\/2018\/11\/cropped-25446186_1548957505139453_8108652237009720953_n-1024x613.jpg 1024w\" sizes=\"auto, (max-width: 767px) 89vw, (max-width: 1000px) 54vw, (max-width: 1071px) 543px, 580px\" \/><\/figure>\n\n\n\n<figure class=\"wp-block-image size-large\"><img loading=\"lazy\" decoding=\"async\" width=\"800\" height=\"533\" data-id=\"63\" src=\"https:\/\/knsaudio.pl\/wp-content\/uploads\/2018\/11\/12832546_958560110845865_147996463205366894_n.jpg\" alt=\"\" class=\"wp-image-63\" srcset=\"https:\/\/knsaudio.pl\/wp-content\/uploads\/2018\/11\/12832546_958560110845865_147996463205366894_n.jpg 800w, https:\/\/knsaudio.pl\/wp-content\/uploads\/2018\/11\/12832546_958560110845865_147996463205366894_n-300x200.jpg 300w, https:\/\/knsaudio.pl\/wp-content\/uploads\/2018\/11\/12832546_958560110845865_147996463205366894_n-768x512.jpg 768w\" sizes=\"auto, (max-width: 767px) 89vw, (max-width: 1000px) 54vw, (max-width: 1071px) 543px, 580px\" \/><\/figure>\n\n\n\n<figure class=\"wp-block-image size-large\"><img loading=\"lazy\" decoding=\"async\" width=\"960\" height=\"720\" data-id=\"65\" src=\"https:\/\/knsaudio.pl\/wp-content\/uploads\/2018\/11\/20245595_1491412467585428_5337087678880666515_n.jpg\" alt=\"\" class=\"wp-image-65\" srcset=\"https:\/\/knsaudio.pl\/wp-content\/uploads\/2018\/11\/20245595_1491412467585428_5337087678880666515_n.jpg 960w, https:\/\/knsaudio.pl\/wp-content\/uploads\/2018\/11\/20245595_1491412467585428_5337087678880666515_n-300x225.jpg 300w, https:\/\/knsaudio.pl\/wp-content\/uploads\/2018\/11\/20245595_1491412467585428_5337087678880666515_n-768x576.jpg 768w\" sizes=\"auto, (max-width: 767px) 89vw, (max-width: 1000px) 54vw, (max-width: 1071px) 543px, 580px\" \/><\/figure>\n\n\n\n<figure class=\"wp-block-image size-large\"><img loading=\"lazy\" decoding=\"async\" width=\"960\" height=\"637\" data-id=\"48\" src=\"https:\/\/knsaudio.pl\/wp-content\/uploads\/2018\/11\/13407254_1012478162120726_29177003985076457_n-1.jpg\" alt=\"\" class=\"wp-image-48\" srcset=\"https:\/\/knsaudio.pl\/wp-content\/uploads\/2018\/11\/13407254_1012478162120726_29177003985076457_n-1.jpg 960w, https:\/\/knsaudio.pl\/wp-content\/uploads\/2018\/11\/13407254_1012478162120726_29177003985076457_n-1-300x199.jpg 300w, https:\/\/knsaudio.pl\/wp-content\/uploads\/2018\/11\/13407254_1012478162120726_29177003985076457_n-1-768x510.jpg 768w\" sizes=\"auto, (max-width: 767px) 89vw, (max-width: 1000px) 54vw, (max-width: 1071px) 543px, 580px\" \/><\/figure>\n<\/figure>\n\n\n\n<p><\/p>\n\n\n\n<p>W zakres oferowanych us\u0142ug wchodzi:<\/p>\n\n\n\n<ul class=\"wp-block-list\"><li>Kompleksowe nag\u0142o\u015bnienie oraz o\u015bwietlenie wydarze\u0144<\/li><li>Multimedia<\/li><\/ul>\n\n\n\n<p>W celu przes\u0142ania zapytania zapraszamy do zak\u0142adki <a href=\"https:\/\/knsaudio.pl\/?page_id=19\" data-type=\"URL\" data-id=\"https:\/\/knsaudio.pl\/?page_id=19\">kontakt<\/a>.<\/p>\n\n\n\n<p><\/p>\n","protected":false},"excerpt":{"rendered":"<p>W zakres oferowanych us\u0142ug wchodzi: Kompleksowe nag\u0142o\u015bnienie oraz o\u015bwietlenie wydarze\u0144 Multimedia W celu przes\u0142ania zapytania zapraszamy do zak\u0142adki kontakt.<\/p>\n","protected":false},"author":1,"featured_media":0,"parent":0,"menu_order":0,"comment_status":"closed","ping_status":"closed","template":"","meta":{"_sitemap_exclude":false,"_sitemap_priority":"","_sitemap_frequency":"","footnotes":""},"class_list":["post-139","page","type-page","status-publish","hentry"],"_links":{"self":[{"href":"https:\/\/knsaudio.pl\/index.php?rest_route=\/wp\/v2\/pages\/139","targetHints":{"allow":["GET"]}}],"collection":[{"href":"https:\/\/knsaudio.pl\/index.php?rest_route=\/wp\/v2\/pages"}],"about":[{"href":"https:\/\/knsaudio.pl\/index.php?rest_route=\/wp\/v2\/types\/page"}],"author":[{"embeddable":true,"href":"https:\/\/knsaudio.pl\/index.php?rest_route=\/wp\/v2\/users\/1"}],"replies":[{"embeddable":true,"href":"https:\/\/knsaudio.pl\/index.php?rest_route=%2Fwp%2Fv2%2Fcomments&post=139"}],"version-history":[{"count":4,"href":"https:\/\/knsaudio.pl\/index.php?rest_route=\/wp\/v2\/pages\/139\/revisions"}],"predecessor-version":[{"id":144,"href":"https:\/\/knsaudio.pl\/index.php?rest_route=\/wp\/v2\/pages\/139\/revisions\/144"}],"wp:attachment":[{"href":"https:\/\/knsaudio.pl\/index.php?rest_route=%2Fwp%2Fv2%2Fmedia&parent=139"}],"curies":[{"name":"wp","href":"https:\/\/api.w.org\/{rel}","templated":true}]}}