{"id":19,"date":"2018-11-13T14:54:55","date_gmt":"2018-11-13T13:54:55","guid":{"rendered":"https:\/\/knsaudio.pl\/?page_id=19"},"modified":"2023-10-11T14:07:19","modified_gmt":"2023-10-11T13:07:19","slug":"kontakt","status":"publish","type":"page","link":"https:\/\/knsaudio.pl\/?page_id=19","title":{"rendered":"Kontakt"},"content":{"rendered":"<p style=\"text-align: center;\">Adres do korespondencji:<br \/>KNS Audio Tomasz Schnitzer<br \/>ul. Starowi\u015blna 5\/1<br \/>03-193 Warszawa<br \/>NIP: 951-21-66-719<br \/>Regon:\u00a0146208196<\/p>\n<p style=\"text-align: center;\">Magazyn:<br \/><span class=\"section-info-text\"><span class=\"widget-pane-link\">ul. Edwarda Warcha\u0142owskiego 1<\/span><\/span><br \/><span class=\"desktop-title-subcontent\">02-776 Warszawa<\/span><\/p>\n<p style=\"text-align: center;\">+ 48 882 125 001<br \/>+ 48 882 125 002<\/p>\n<p style=\"text-align: center;\">Techniczna obs\u0142uga imprez:<br \/><a href=\"mailto:biuro@knsaudio.pl\">biuro@knsaudio.pl<\/a><\/p>\n<p style=\"text-align: center;\">Instalacje:<br \/><a href=\"mailto:instalacje@knsaudio.pl\">instalacje@knsaudio.pl<\/a><\/p>\n<p style=\"text-align: center;\">Ksi\u0119gowo\u015b\u0107:<br \/><a href=\"mailto:ksiegowosc@knsaudio.pl\">ksiegowosc@knsaudio.pl<\/a><\/p>\n\n\n<p><\/p>\n","protected":false},"excerpt":{"rendered":"<p>Adres do korespondencji:KNS Audio Tomasz Schnitzerul. Starowi\u015blna 5\/103-193 WarszawaNIP: 951-21-66-719Regon:\u00a0146208196 Magazyn:ul. Edwarda Warcha\u0142owskiego 102-776 Warszawa + 48 882 125 001+ 48 882 125 002 Techniczna obs\u0142uga imprez:biuro@knsaudio.pl Instalacje:instalacje@knsaudio.pl Ksi\u0119gowo\u015b\u0107:ksiegowosc@knsaudio.pl<\/p>\n","protected":false},"author":1,"featured_media":0,"parent":0,"menu_order":0,"comment_status":"closed","ping_status":"closed","template":"","meta":{"_sitemap_exclude":false,"_sitemap_priority":"","_sitemap_frequency":"","footnotes":""},"class_list":["post-19","page","type-page","status-publish","hentry"],"_links":{"self":[{"href":"https:\/\/knsaudio.pl\/index.php?rest_route=\/wp\/v2\/pages\/19","targetHints":{"allow":["GET"]}}],"collection":[{"href":"https:\/\/knsaudio.pl\/index.php?rest_route=\/wp\/v2\/pages"}],"about":[{"href":"https:\/\/knsaudio.pl\/index.php?rest_route=\/wp\/v2\/types\/page"}],"author":[{"embeddable":true,"href":"https:\/\/knsaudio.pl\/index.php?rest_route=\/wp\/v2\/users\/1"}],"replies":[{"embeddable":true,"href":"https:\/\/knsaudio.pl\/index.php?rest_route=%2Fwp%2Fv2%2Fcomments&post=19"}],"version-history":[{"count":18,"href":"https:\/\/knsaudio.pl\/index.php?rest_route=\/wp\/v2\/pages\/19\/revisions"}],"predecessor-version":[{"id":193,"href":"https:\/\/knsaudio.pl\/index.php?rest_route=\/wp\/v2\/pages\/19\/revisions\/193"}],"wp:attachment":[{"href":"https:\/\/knsaudio.pl\/index.php?rest_route=%2Fwp%2Fv2%2Fmedia&parent=19"}],"curies":[{"name":"wp","href":"https:\/\/api.w.org\/{rel}","templated":true}]}}