{"id":4,"date":"2018-11-13T13:24:25","date_gmt":"2018-11-13T13:24:25","guid":{"rendered":"https:\/\/knsaudio.pl\/?page_id=4"},"modified":"2022-03-10T16:41:44","modified_gmt":"2022-03-10T15:41:44","slug":"o-nas","status":"publish","type":"page","link":"https:\/\/knsaudio.pl\/","title":{"rendered":"O nas"},"content":{"rendered":"<p>KNS Audio to firma \u0142\u0105cz\u0105ca ludzi z pasj\u0105 i do\u015bwiadczeniem. Zajmujemy si\u0119 profesjonalnym nag\u0142o\u015bnieniem i o\u015bwietleniem scenicznym. W przesz\u0142o\u015bci mieli\u015bmy przyjemno\u015b\u0107 wsp\u00f3\u0142tworzy\u0107 liczne wydarzenia kulturalne, koncerty, pokazy mody czy konferencje, a zdobyte do\u015bwiadczenie i ch\u0119\u0107 dalszego rozwoju, ostatecznie sk\u0142oni\u0142o nas do za\u0142o\u017cenia w\u0142asnej firmy. Istniejemy na rynku od 2012 r.<\/p>\n<p>System nag\u0142o\u015bnieniowy, jak i o\u015bwietleniowy, jest po\u0142\u0105czeniem wielu element\u00f3w przez co niejednokrotnie zdarza si\u0119, \u017ce to od detali zale\u017cy powodzenie danego wydarzenia. Maj\u0105c \u015bwiadomo\u015b\u0107, \u017ce ka\u017cdy system jest tak mocny jak jego najs\u0142absze ogniwo, proponujemy nowoczesne rozwi\u0105zania techniczne oparte o urz\u0105dzenia o uznanej renomie jako\u015bciowej. Naszym priorytetem jest zawsze dostarczenie us\u0142ugi najwy\u017cszej jako\u015bci i maksymalnej niezawodno\u015bci. Jeste\u015bmy \u015bwiadomi, \u017ce ka\u017cdy kolejny zadowolony klient to dla nas pozytywne referencje.<\/p>\n<p>KNS Audio to firma profesjonalist\u00f3w, na kt\u00f3rych mo\u017cesz liczy\u0107. Poza obs\u0142ug\u0105 techniczn\u0105 wydarze\u0144, s\u0142u\u017cymy pomoc\u0105 w dopasowaniu odpowiedniego sprz\u0119tu do specyfiki planowanego wydarzenia. K\u0142adziemy szczeg\u00f3lny nacisk na precyzyjny plan pracy z klientem, dok\u0142adne przedstawienie naszej wizji w konfrontacji z oczekiwaniami klienta oraz przeprowadzenie wizji lokalnej na miejscu planowanej imprezy.<\/p>\n<p>Dzi\u0119ki kilkunastoletniemu do\u015bwiadczeniu zdobytemu w innych firmach z bran\u017cy estradowej, od 2012r. mo\u017cemy zaoferowa\u0107 now\u0105 jako\u015b\u0107 us\u0142ug pod mark\u0105 KNS Audio.<\/p>\n<p>Serdecznie zapraszamy do kontaktu, w celu zapoznania si\u0119 z ofert\u0105 naszej firmy.<\/p>\n<p>Tomasz Schnitzer<br \/>\nW\u0142a\u015bciciel KNS Audio<\/p>\n","protected":false},"excerpt":{"rendered":"<p>KNS Audio to firma \u0142\u0105cz\u0105ca ludzi z pasj\u0105 i do\u015bwiadczeniem. Zajmujemy si\u0119 profesjonalnym nag\u0142o\u015bnieniem i o\u015bwietleniem scenicznym. W przesz\u0142o\u015bci mieli\u015bmy przyjemno\u015b\u0107 wsp\u00f3\u0142tworzy\u0107 liczne wydarzenia kulturalne, koncerty, pokazy mody czy konferencje, a zdobyte do\u015bwiadczenie i ch\u0119\u0107 dalszego rozwoju, ostatecznie sk\u0142oni\u0142o nas do za\u0142o\u017cenia w\u0142asnej firmy. Istniejemy na rynku od 2012 r. System nag\u0142o\u015bnieniowy, jak i o\u015bwietleniowy, &hellip; <\/p>\n<p class=\"link-more\"><a href=\"https:\/\/knsaudio.pl\/\" class=\"more-link\">Czytaj dalej<span class=\"screen-reader-text\"> \u201eO nas\u201d<\/span><\/a><\/p>\n","protected":false},"author":1,"featured_media":0,"parent":0,"menu_order":0,"comment_status":"closed","ping_status":"closed","template":"","meta":{"_sitemap_exclude":false,"_sitemap_priority":"","_sitemap_frequency":"","footnotes":""},"class_list":["post-4","page","type-page","status-publish","hentry"],"_links":{"self":[{"href":"https:\/\/knsaudio.pl\/index.php?rest_route=\/wp\/v2\/pages\/4","targetHints":{"allow":["GET"]}}],"collection":[{"href":"https:\/\/knsaudio.pl\/index.php?rest_route=\/wp\/v2\/pages"}],"about":[{"href":"https:\/\/knsaudio.pl\/index.php?rest_route=\/wp\/v2\/types\/page"}],"author":[{"embeddable":true,"href":"https:\/\/knsaudio.pl\/index.php?rest_route=\/wp\/v2\/users\/1"}],"replies":[{"embeddable":true,"href":"https:\/\/knsaudio.pl\/index.php?rest_route=%2Fwp%2Fv2%2Fcomments&post=4"}],"version-history":[{"count":5,"href":"https:\/\/knsaudio.pl\/index.php?rest_route=\/wp\/v2\/pages\/4\/revisions"}],"predecessor-version":[{"id":163,"href":"https:\/\/knsaudio.pl\/index.php?rest_route=\/wp\/v2\/pages\/4\/revisions\/163"}],"wp:attachment":[{"href":"https:\/\/knsaudio.pl\/index.php?rest_route=%2Fwp%2Fv2%2Fmedia&parent=4"}],"curies":[{"name":"wp","href":"https:\/\/api.w.org\/{rel}","templated":true}]}}